{"id":24818,"date":"2019-09-23T15:13:12","date_gmt":"2019-09-23T15:13:12","guid":{"rendered":"http:\/\/www.mippet.co\/?post_type=product&#038;p=24818"},"modified":"2025-11-07T22:02:15","modified_gmt":"2025-11-07T22:02:15","slug":"mippet","status":"publish","type":"product","link":"https:\/\/www.mippet.co\/?product=mippet","title":{"rendered":"Mippet"},"content":{"rendered":"<p style=\"text-align: justify;\"><em>Nuestro accesorio para el collar de su mascota le permite identificar su ubicaci\u00f3n f\u00e1cilmente usando un tel\u00e9fono inteligente con lector de c\u00f3digos QR.<\/em><\/p>\n<p style=\"text-align: justify;\"><strong>El tama\u00f1o grande es recomendable para razas grandes (Labrador, Weimaraner&#8230;etc) el tama\u00f1o peque\u00f1o es recomendable para razas peque\u00f1as y gatos.<\/strong><\/p>\n<blockquote><p><strong style=\"text-align: justify;\">1. \u00bfTu mascota se ha perdido?<\/strong><\/p><\/blockquote>\n<p style=\"text-align: justify;\">\u00bfTu mascota ha tenido la desgracia de despistarse y se encuentra perdida deambulando por la calle?, por suerte es encontrado por un transe\u00fante que se acerca a \u00e9l.<\/p>\n<blockquote><p><strong>2. Tu mascota lleva un #Mippet<\/strong><\/p><\/blockquote>\n<p style=\"text-align: justify;\">Por suerte lleva en su collar un \u00ab<strong>Mippet<\/strong>\u00ab. Un accesorio con un peque\u00f1o c\u00f3digo escaneable por cualquier celular y\/o aplicaci\u00f3n de c\u00f3digos QR, que arroja toda la informaci\u00f3n que el due\u00f1o dese\u00f3 almacenar previamente para compartir en caso de perdida.<\/p>\n<blockquote><p><strong>3. Escanea con tu m\u00f3vil el \u201cMippet\u201d<\/strong><\/p><\/blockquote>\n<p style=\"text-align: justify;\">La persona que lo ha encontrado, con su celular escanea el \u00ab<strong>Mippet<\/strong>\u00ab. obteniendo as\u00ed informaci\u00f3n de la mascota, <strong>la ubicaci\u00f3n geogr\u00e1fica<\/strong> en donde fue escaneado el c\u00f3digo por \u00faltima vez y el tel\u00e9fono y\/o un correo electr\u00f3nico del due\u00f1o de la mascota en donde poder contactarle.<\/p>\n<blockquote><p><strong>4. Tu mascota vuelve contigo<\/strong><\/p><\/blockquote>\n<p style=\"text-align: justify;\">Gracias a la informaci\u00f3n alojada en el <strong>Mippet<\/strong>, el transe\u00fante se pone en contacto con el due\u00f1o de la mascota, <strong>\u00a1pudiendo as\u00ed reencontrarse y estar juntos de nuevo!<\/strong><\/p>\n<blockquote><p><strong style=\"text-align: justify;\">\u00bfQu\u00e9 hace la aplicaci\u00f3n?:<\/strong><\/p><\/blockquote>\n<p style=\"text-align: justify;\">La aplicaci\u00f3n cuenta con la funcionalidad de escanear un c\u00f3digo que conecta con el perfil de su mascota, en donde se alojar\u00e1 toda la informaci\u00f3n de contacto junto a notificaciones de georeferenciaci\u00f3n v\u00eda correo electr\u00f3nico. Este producto es \u00fanico y lo puedes adquirir en nuestro carrito de compras.<\/p>\n<blockquote>\n<p style=\"text-align: justify;\"><strong>A destacar:<\/strong><\/p>\n<\/blockquote>\n<ul>\n<li style=\"text-align: justify;\">Toda la informaci\u00f3n se guarda una Base de datos.<\/li>\n<li style=\"text-align: justify;\">El perfil de su mascota en www.mippet.co, una vez creado no tiene ning\u00fan costo adicional de mantenimiento.<\/li>\n<li style=\"text-align: justify;\">Las modificaciones al perfil de su mascota en www.mippet.co requieren la configuraci\u00f3n de un nuevo Mippet. (En este caso) p\u00f3ngase en contacto al correo electr\u00f3nico contacto@mippet.co<\/li>\n<li style=\"text-align: justify;\">El c\u00f3digo del Mippet, puede ser escaneado con cualquier aplicaci\u00f3n de c\u00f3digos QR inclusive con GoogleLens.<\/li>\n<\/ul>\n<blockquote><p><span style=\"color: #ff00ff;\"><a style=\"color: #ff00ff;\" href=\"https:\/\/play.google.com\/store\/apps\/details?id=com.google.ar.lens&amp;pcampaignid=web_share&amp;pli=1\" target=\"_blank\" rel=\"noopener noreferrer\"><strong>Descargue nuestra aplicaci\u00f3n en Google Play aqu\u00ed<\/strong><\/a><\/span><\/p>\n<p>&nbsp;<\/p>\n<p><span style=\"color: #00ff00;\"><strong>Equipo Mippet.co<\/strong><\/span><\/p><\/blockquote>\n<p style=\"text-align: justify;\">\n","protected":false},"excerpt":{"rendered":"<p><strong>Geolocalizador de mascotas perdidas.<\/strong><\/p>\n<blockquote><p>Con #<strong>Mippet<\/strong> podr\u00e1 volver a casa, sano y salvo.<\/p><\/blockquote>\n","protected":false},"featured_media":25265,"comment_status":"open","ping_status":"closed","template":"","meta":{"_acf_changed":false},"class_list":{"0":"post-24818","1":"product","2":"type-product","3":"status-publish","4":"has-post-thumbnail","6":"product_cat-localizador-de-mascotas","8":"first","9":"instock","10":"shipping-taxable","11":"purchasable","12":"product-type-variable"},"acf":[],"_links":{"self":[{"href":"https:\/\/www.mippet.co\/index.php?rest_route=\/wp\/v2\/product\/24818","targetHints":{"allow":["GET"]}}],"collection":[{"href":"https:\/\/www.mippet.co\/index.php?rest_route=\/wp\/v2\/product"}],"about":[{"href":"https:\/\/www.mippet.co\/index.php?rest_route=\/wp\/v2\/types\/product"}],"replies":[{"embeddable":true,"href":"https:\/\/www.mippet.co\/index.php?rest_route=%2Fwp%2Fv2%2Fcomments&post=24818"}],"wp:featuredmedia":[{"embeddable":true,"href":"https:\/\/www.mippet.co\/index.php?rest_route=\/wp\/v2\/media\/25265"}],"wp:attachment":[{"href":"https:\/\/www.mippet.co\/index.php?rest_route=%2Fwp%2Fv2%2Fmedia&parent=24818"}],"curies":[{"name":"wp","href":"https:\/\/api.w.org\/{rel}","templated":true}]}}