{"id":24571,"date":"2015-04-18T01:14:44","date_gmt":"2015-04-18T01:14:44","guid":{"rendered":"http:\/\/www.mippet.co\/?page_id=24571"},"modified":"2019-10-02T03:54:03","modified_gmt":"2019-10-02T03:54:03","slug":"activar-my-pet","status":"publish","type":"page","link":"https:\/\/www.mippet.co\/?page_id=24571","title":{"rendered":"Activar Mippet"},"content":{"rendered":"<h4 style=\"text-align: justify;\"><strong>Activar nuevo #Mippet.<\/strong><\/h4>\n<p style=\"text-align: justify;\"><img loading=\"lazy\" decoding=\"async\" class=\"wp-image-25193  aligncenter\" src=\"https:\/\/www.mippet.co\/wp-content\/uploads\/2019\/10\/Ejemplo1-300x91.jpg\" alt=\"\" width=\"629\" height=\"191\" srcset=\"https:\/\/www.mippet.co\/wp-content\/uploads\/2019\/10\/Ejemplo1-300x91.jpg 300w, https:\/\/www.mippet.co\/wp-content\/uploads\/2019\/10\/Ejemplo1.jpg 485w\" sizes=\"auto, (max-width: 629px) 100vw, 629px\" \/><\/p>\n<p style=\"text-align: justify;\">Tu <strong>#Mippet<\/strong> cuenta con un n\u00famero \u00fanico de identificaci\u00f3n \u00abId.\u00bb, Luego de enviar la informaci\u00f3n que se solicita en el siguiente formulario tu\u00a0<strong>#Mippet <\/strong>quedara activado en un <strong>plazo m\u00e1ximo de 24 horas<\/strong>.<\/p>\n<p style=\"text-align: justify;\"><strong><em>Recuerda!!! Siempre que salgas con tu mascota aseg\u00farate que lleve el #Mippet en su collar.<\/em><\/strong><\/p>\n<div id=\"vfb-form-1\" class=\"visual-form-builder-container\"><form id=\"busco-mi-mascota-1\" class=\"visual-form-builder vfb-form-1 \" method=\"post\" enctype=\"multipart\/form-data\">\n\t  \t<input type=\"hidden\" name=\"form_id\" value=\"1\" \/><fieldset class=\"vfb-fieldset vfb-fieldset-1 ingrese-aqui-el-id-del-mippet \" id=\"item-vfb-9\"><div class=\"vfb-legend\"><h3>Ingrese aqu\u00ed el &quot;Id.&quot; del #Mippet<\/h3><\/div><ul class=\"vfb-section vfb-section-1\"><li class=\"vfb-item vfb-item-text  \" id=\"item-vfb-8\"><label for=\"vfb-8\" class=\"vfb-desc\">Id. #Mippet  <span class=\"vfb-required-asterisk\">*<\/span><\/label><input type=\"text\" name=\"vfb-8\" id=\"vfb-8\" value=\"\" class=\"vfb-text  vfb-medium  required  \" \/><\/li><\/ul>&nbsp;<\/fieldset><fieldset class=\"vfb-fieldset vfb-fieldset-2 informacion-del-propietario \" id=\"item-vfb-1\"><div class=\"vfb-legend\"><h3>Informaci\u00f3n del propietario.<\/h3><\/div><ul class=\"vfb-section vfb-section-2\"><li class=\"vfb-item vfb-item-text  \" id=\"item-vfb-10\"><label for=\"vfb-10\" class=\"vfb-desc\">Nombes y Apellidos  <span class=\"vfb-required-asterisk\">*<\/span><\/label><input type=\"text\" name=\"vfb-10\" id=\"vfb-10\" value=\"\" class=\"vfb-text  vfb-medium  required  \" \/><\/li><li class=\"vfb-item vfb-item-email  \" id=\"item-vfb-6\"><label for=\"vfb-6\" class=\"vfb-desc\">Email  <span class=\"vfb-required-asterisk\">*<\/span><\/label><input type=\"email\" name=\"vfb-6\" id=\"vfb-6\" value=\"\" class=\"vfb-text  vfb-medium  required  email \" \/><\/li><li class=\"vfb-item vfb-item-phone  \" id=\"item-vfb-7\"><label for=\"vfb-7\" class=\"vfb-desc\">Tel\u00e9fono  <span class=\"vfb-required-asterisk\">*<\/span><\/label><input type=\"tel\" name=\"vfb-7\" id=\"vfb-7\" value=\"\" class=\"vfb-text  vfb-medium  required  phone \" \/><\/li><li class=\"vfb-item vfb-item-text  \" id=\"item-vfb-11\"><label for=\"vfb-11\" class=\"vfb-desc\">Direcci\u00f3n  <span class=\"vfb-required-asterisk\">*<\/span><\/label><input type=\"text\" name=\"vfb-11\" id=\"vfb-11\" value=\"\" class=\"vfb-text  vfb-medium  required  \" \/><\/li><li class=\"vfb-item vfb-item-text  \" id=\"item-vfb-17\"><label for=\"vfb-17\" class=\"vfb-desc\">Pais y Ciudad  <span class=\"vfb-required-asterisk\">*<\/span><\/label><input type=\"text\" name=\"vfb-17\" id=\"vfb-17\" value=\"\" class=\"vfb-text  vfb-medium  required  \" \/><\/li><\/ul>&nbsp;<\/fieldset><fieldset class=\"vfb-fieldset vfb-fieldset-3 informacion-de-la-mascota \" id=\"item-vfb-12\"><div class=\"vfb-legend\"><h3>Informaci\u00f3n de la Mascota<\/h3><\/div><ul class=\"vfb-section vfb-section-3\"><li class=\"vfb-item vfb-item-text  \" id=\"item-vfb-13\"><label for=\"vfb-13\" class=\"vfb-desc\">Nombre  <span class=\"vfb-required-asterisk\">*<\/span><\/label><input type=\"text\" name=\"vfb-13\" id=\"vfb-13\" value=\"\" class=\"vfb-text  vfb-medium  required  \" \/><\/li><li class=\"vfb-item vfb-item-text  \" id=\"item-vfb-14\"><label for=\"vfb-14\" class=\"vfb-desc\">Raza  <span class=\"vfb-required-asterisk\">*<\/span><\/label><input type=\"text\" name=\"vfb-14\" id=\"vfb-14\" value=\"\" class=\"vfb-text  vfb-medium  required  \" \/><\/li><li class=\"vfb-item vfb-item-text  \" id=\"item-vfb-15\"><label for=\"vfb-15\" class=\"vfb-desc\">Color <\/label><input type=\"text\" name=\"vfb-15\" id=\"vfb-15\" value=\"\" class=\"vfb-text  vfb-medium   \" \/><\/li><li class=\"vfb-item vfb-item-select  \" id=\"item-vfb-19\"><label for=\"vfb-19\" class=\"vfb-desc\">Sexo <\/label><select name=\"vfb-19\" id=\"vfb-19\" class=\"vfb-select  vfb-medium  \"><option value=\"\"><\/option><option value=\"Macho\">Macho<\/option><option value=\"Hembra\">Hembra<\/option><\/select><\/li><\/ul>&nbsp;<\/fieldset><fieldset class=\"vfb-fieldset vfb-fieldset-4 fotografias-de-la-mascota \" id=\"item-vfb-24\"><div class=\"vfb-legend\"><h3>Fotograf\u00edas de la Mascota<\/h3><\/div><ul class=\"vfb-section vfb-section-4\"><li class=\"vfb-item vfb-item-file-upload  \" id=\"item-vfb-20\"><label for=\"vfb-20\" class=\"vfb-desc\">Fotograf\u00eda 1  <span class=\"vfb-required-asterisk\">*<\/span><\/label><input type=\"file\" name=\"vfb-20\" id=\"vfb-20\" value=\"\" class=\"vfb-text  vfb-medium  required    {accept:'png|jpe?g|gif'}\" \/><\/li><li class=\"vfb-item vfb-item-file-upload  \" id=\"item-vfb-21\"><label for=\"vfb-21\" class=\"vfb-desc\">Fotograf\u00eda 2  <span class=\"vfb-required-asterisk\">*<\/span><\/label><input type=\"file\" name=\"vfb-21\" id=\"vfb-21\" value=\"\" class=\"vfb-text  vfb-medium  required    {accept:'png|jpe?g|gif'}\" \/><\/li><li class=\"vfb-item vfb-item-file-upload  \" id=\"item-vfb-22\"><label for=\"vfb-22\" class=\"vfb-desc\">Fotograf\u00eda 3 <\/label><input type=\"file\" name=\"vfb-22\" id=\"vfb-22\" value=\"\" class=\"vfb-text  vfb-medium     {accept:'png|jpe?g|gif'}\" \/><\/li><li class=\"vfb-item vfb-item-textarea  \" id=\"item-vfb-23\"><label for=\"vfb-23\" class=\"vfb-desc\">H\u00e1blanos de tu mascota. <\/label><div><textarea name=\"vfb-23\" id=\"vfb-23\" class=\"vfb-textarea  vfb-medium  \"><\/textarea><\/div><\/li><\/ul>&nbsp;<\/fieldset><fieldset class=\"vfb-fieldset vfb-fieldset-5 captcha-verificacion \" id=\"item-vfb-2\" style=\"display:block\"><div class=\"vfb-legend\"><h3>Captcha &quot;Verificaci\u00f3n&quot;<\/h3><\/div><ul class=\"vfb-section vfb-section-5\"><li class=\"vfb-item vfb-item-secret\"  style=\"display:block\"><label for=\"vfb-3\" class=\"vfb-desc\">Por favor ingrese dos d\u00edgitos Ej; 12 <span class=\"vfb-required-asterisk\">*<\/span><\/label><input type=\"hidden\" name=\"_vfb-secret\" value=\"vfb-3\" \/><span class=\"vfb-span\"><input type=\"text\" name=\"vfb-3\" id=\"vfb-3\" value=\"\" class=\"vfb-text  vfb-medium  required {digits:true,maxlength:2,minlength:2} \" style=\"display:block\" \/><label>Example: 12<\/label><\/span><li style=\"display:none;\"><label>Esta caja es para protecci\u00f3n contra el spam - &lt;strong&gt;por favor d\u00e9jalo en blanco&lt;\/strong&gt;:<\/label><div><input name=\"vfb-spam\" \/><\/div><\/li>\n\t\t\t<li class=\"vfb-item vfb-item-submit\" id=\"item-vfb-4\">\n\t\t\t\t<input type=\"submit\" name=\"vfb-submit\" id=\"vfb-4\" value=\"Enviar\" class=\"vfb-submit \" \/>\n\t\t\t\t<\/li><\/ul>\n\t\t\t<\/fieldset><input type=\"hidden\" name=\"_wp_http_referer\" value=\"\/index.php?rest_route=%2Fwp%2Fv2%2Fpages%2F24571\" \/><\/form><\/div> <!-- .visual-form-builder-container -->\n","protected":false},"excerpt":{"rendered":"<p>Activar nuevo #Mippet. Tu #Mippet cuenta con un n\u00famero \u00fanico de identificaci\u00f3n \u00abId.\u00bb, Luego de enviar la informaci\u00f3n que se solicita en el siguiente formulario tu\u00a0#Mippet quedara activado en un plazo m\u00e1ximo de 24 horas. Recuerda!!! Siempre que salgas con tu mascota aseg\u00farate que lleve el #Mippet en su collar.<\/p>\n","protected":false},"author":3,"featured_media":0,"parent":0,"menu_order":0,"comment_status":"closed","ping_status":"closed","template":"","meta":{"_acf_changed":false,"footnotes":""},"class_list":["post-24571","page","type-page","status-publish","hentry"],"acf":[],"_links":{"self":[{"href":"https:\/\/www.mippet.co\/index.php?rest_route=\/wp\/v2\/pages\/24571","targetHints":{"allow":["GET"]}}],"collection":[{"href":"https:\/\/www.mippet.co\/index.php?rest_route=\/wp\/v2\/pages"}],"about":[{"href":"https:\/\/www.mippet.co\/index.php?rest_route=\/wp\/v2\/types\/page"}],"author":[{"embeddable":true,"href":"https:\/\/www.mippet.co\/index.php?rest_route=\/wp\/v2\/users\/3"}],"replies":[{"embeddable":true,"href":"https:\/\/www.mippet.co\/index.php?rest_route=%2Fwp%2Fv2%2Fcomments&post=24571"}],"version-history":[{"count":20,"href":"https:\/\/www.mippet.co\/index.php?rest_route=\/wp\/v2\/pages\/24571\/revisions"}],"predecessor-version":[{"id":25196,"href":"https:\/\/www.mippet.co\/index.php?rest_route=\/wp\/v2\/pages\/24571\/revisions\/25196"}],"wp:attachment":[{"href":"https:\/\/www.mippet.co\/index.php?rest_route=%2Fwp%2Fv2%2Fmedia&parent=24571"}],"curies":[{"name":"wp","href":"https:\/\/api.w.org\/{rel}","templated":true}]}}