{"id":24035,"date":"2015-03-21T19:33:51","date_gmt":"2015-03-21T19:33:51","guid":{"rendered":"http:\/\/www.mippet.co\/?page_id=24035"},"modified":"2019-09-22T18:58:51","modified_gmt":"2019-09-22T18:58:51","slug":"ingresar-codigo","status":"publish","type":"page","link":"https:\/\/www.mippet.co\/?page_id=24035","title":{"rendered":"Ingresar C\u00f3digo"},"content":{"rendered":"<form id=\"searchform\" class=\"search clearfix\" action=\"http:\/\/www.mippet.co\/\" method=\"get\">\n<p style=\"text-align: justify;\">En esta \u00e1rea puede ingresar el c\u00f3digo que aparece en la parte superior izquierda de su placa de identificaci\u00f3n de si Mippet, de esta manera puede saber toda la identificaci\u00f3n de la mascota.<\/p>\n<p><strong>Ingrese su c\u00f3digo aqu\u00ed:<\/strong>\u00a0<input id=\"appendedInputButton\" class=\"span12 search_text\" name=\"s\" type=\"text\" placeholder=\"Codigo aqu\u00ed, Luego Enter\" \/><\/p>\n<\/form>\n","protected":false},"excerpt":{"rendered":"<p>En esta \u00e1rea puede ingresar el c\u00f3digo que aparece en la parte superior izquierda de su placa de identificaci\u00f3n de si Mippet, de esta manera puede saber toda la identificaci\u00f3n de la mascota. Ingrese su c\u00f3digo aqu\u00ed:\u00a0<\/p>\n","protected":false},"author":3,"featured_media":0,"parent":0,"menu_order":0,"comment_status":"closed","ping_status":"closed","template":"","meta":{"_acf_changed":false,"footnotes":""},"class_list":["post-24035","page","type-page","status-publish","hentry"],"acf":[],"_links":{"self":[{"href":"https:\/\/www.mippet.co\/index.php?rest_route=\/wp\/v2\/pages\/24035","targetHints":{"allow":["GET"]}}],"collection":[{"href":"https:\/\/www.mippet.co\/index.php?rest_route=\/wp\/v2\/pages"}],"about":[{"href":"https:\/\/www.mippet.co\/index.php?rest_route=\/wp\/v2\/types\/page"}],"author":[{"embeddable":true,"href":"https:\/\/www.mippet.co\/index.php?rest_route=\/wp\/v2\/users\/3"}],"replies":[{"embeddable":true,"href":"https:\/\/www.mippet.co\/index.php?rest_route=%2Fwp%2Fv2%2Fcomments&post=24035"}],"version-history":[{"count":5,"href":"https:\/\/www.mippet.co\/index.php?rest_route=\/wp\/v2\/pages\/24035\/revisions"}],"predecessor-version":[{"id":24790,"href":"https:\/\/www.mippet.co\/index.php?rest_route=\/wp\/v2\/pages\/24035\/revisions\/24790"}],"wp:attachment":[{"href":"https:\/\/www.mippet.co\/index.php?rest_route=%2Fwp%2Fv2%2Fmedia&parent=24035"}],"curies":[{"name":"wp","href":"https:\/\/api.w.org\/{rel}","templated":true}]}}