{"id":23929,"date":"2014-08-15T22:00:47","date_gmt":"2014-08-15T22:00:47","guid":{"rendered":"http:\/\/www.mippet.co\/?page_id=23929"},"modified":"2025-11-06T00:56:33","modified_gmt":"2025-11-06T00:56:33","slug":"indicadores-economicos","status":"publish","type":"page","link":"https:\/\/www.mippet.co\/?page_id=23929","title":{"rendered":"Club de Mascotas"},"content":{"rendered":"<p style=\"text-align: justify;\"><strong>\u00bfQu\u00e9 hace la aplicaci\u00f3n?:<\/strong><\/p>\n<p style=\"text-align: justify;\">Para escanear el c\u00f3digo QR de los geolocalizadores de <strong data-start=\"54\" data-end=\"71\"><a class=\"decorated-link\" href=\"http:\/\/www.mippet.co\" target=\"_new\" rel=\"noopener\" data-start=\"56\" data-end=\"69\" data-is-only-node=\"\">www.mippet.co<\/a><\/strong>, abre una app lectora de QR (por ejemplo <strong data-start=\"113\" data-end=\"128\">Google Lens<\/strong> u otro lector de c\u00f3digos QR), concede permiso para usar la c\u00e1mara si te lo solicita, apunta la c\u00e1mara hacia el c\u00f3digo QR y mant\u00e9n el tel\u00e9fono estable hasta que la app lo reconozca; luego toca la notificaci\u00f3n o el enlace que aparezca para abrir la URL o la informaci\u00f3n de geolocalizaci\u00f3n asociada. Si la app te ofrece opciones, elige abrir en el navegador o en la aplicaci\u00f3n recomendada por mippet; si no funciona, prueba a limpiar la lente de la c\u00e1mara o aumentar la iluminaci\u00f3n.<\/p>\n<blockquote><p><a href=\"https:\/\/play.google.com\/store\/apps\/details?id=com.google.ar.lens\" target=\"_blank\" rel=\"noopener noreferrer\"><strong>Descarga nuestra APP AQU\u00cd<\/strong><\/a><\/p><\/blockquote>\n","protected":false},"excerpt":{"rendered":"<p>\u00bfQu\u00e9 hace la aplicaci\u00f3n?: Para escanear el c\u00f3digo QR de los geolocalizadores de www.mippet.co, abre una app lectora de QR (por ejemplo Google Lens u otro lector de c\u00f3digos QR), concede permiso para usar la c\u00e1mara si te lo solicita, apunta la c\u00e1mara hacia el c\u00f3digo QR y mant\u00e9n el tel\u00e9fono estable hasta que la [&hellip;]<\/p>\n","protected":false},"author":3,"featured_media":0,"parent":0,"menu_order":0,"comment_status":"closed","ping_status":"closed","template":"","meta":{"_acf_changed":false,"footnotes":""},"class_list":["post-23929","page","type-page","status-publish","hentry"],"acf":[],"_links":{"self":[{"href":"https:\/\/www.mippet.co\/index.php?rest_route=\/wp\/v2\/pages\/23929","targetHints":{"allow":["GET"]}}],"collection":[{"href":"https:\/\/www.mippet.co\/index.php?rest_route=\/wp\/v2\/pages"}],"about":[{"href":"https:\/\/www.mippet.co\/index.php?rest_route=\/wp\/v2\/types\/page"}],"author":[{"embeddable":true,"href":"https:\/\/www.mippet.co\/index.php?rest_route=\/wp\/v2\/users\/3"}],"replies":[{"embeddable":true,"href":"https:\/\/www.mippet.co\/index.php?rest_route=%2Fwp%2Fv2%2Fcomments&post=23929"}],"version-history":[{"count":16,"href":"https:\/\/www.mippet.co\/index.php?rest_route=\/wp\/v2\/pages\/23929\/revisions"}],"predecessor-version":[{"id":28869,"href":"https:\/\/www.mippet.co\/index.php?rest_route=\/wp\/v2\/pages\/23929\/revisions\/28869"}],"wp:attachment":[{"href":"https:\/\/www.mippet.co\/index.php?rest_route=%2Fwp%2Fv2%2Fmedia&parent=23929"}],"curies":[{"name":"wp","href":"https:\/\/api.w.org\/{rel}","templated":true}]}}